{"id":56,"date":"2023-12-20T16:23:30","date_gmt":"2023-12-20T15:23:30","guid":{"rendered":"https:\/\/voiceproject.eu\/?page_id=56"},"modified":"2024-03-12T09:47:24","modified_gmt":"2024-03-12T08:47:24","slug":"progetti","status":"publish","type":"page","link":"https:\/\/voiceproject.eu\/index.php\/progetti\/","title":{"rendered":"Obiettivi ed aree di ricerca del Progetto VOICE"},"content":{"rendered":"\n<p>Al momento della nascita del Progetto VOICE i sistemi di riconoscimento vocale Voice To Text (VTT) erano commercializzati principalmente come sistemi per consentire agli utenti di creare documenti senza doverne battere il testo. Questo tipo di tecnologia poteva portare vantaggi significativi per gli audiolesi, i non vedenti, le persone con disabilit\u00e0 motoria ed anche per quanti non presentavano dei bisogni speciali.<br>Il Progetto VOICE ha promosso lo sviluppo di nuove tecnologie nel campo del&nbsp;<strong>riconoscimento vocale<\/strong>&nbsp;ed al tempo stesso la diffusione dell\u2019uso degli strumenti informatici pi\u00f9 comuni, quali Internet, rivolgendo una particolare attenzione ai bisogni degli audiolesi.<br>Un obiettivo \u00e8 stato quello di unire, attraverso un&nbsp;<strong>Forum su Internet<\/strong>, associazioni, ditte, universit\u00e0, scuole, amministrazioni pubbliche e chiunque altro (a livello nazionale ed internazionale) era interessato al riconoscimento vocale. Il Forum ha contribuito alla definizione di specifiche tecniche relative ai bisogni degli utenti audiolesi nel campo del riconoscimento vocale e dei sottotitoli televisivi.<\/p>\n\n\n\n<p>Le attivit\u00e0 del Progetto VOICE, pur seguendo un unico filo conduttore, si sono caratterizzate nei diversi anni con riferimento ad obiettivi differenti ed hanno costituito l&#8217;oggetto di vari Progetti:<\/p>\n\n\n\n<p><strong><mark style=\"background-color:#8ed1fc\" class=\"has-inline-color\">Nel Sito Storico non vi sono dei link verso il Sito Attuale, per cui \u00e8 consigliabile aprire i link in nuove finestre.<\/mark><\/strong><\/p>\n\n\n\n<ul class=\"wp-block-list\">\n<li>1996-1998<br><a href=\"https:\/\/storico.voiceproject.eu\/projects\/explor\/_explor_en.htm\"><strong>Progetto VOICE Ricerca Esplorativa CCR-ISIS<\/strong><\/a><br>L&#8217;Istituto ISIS del CCR ha sostenuto la ricerca degli aspetti tecnici e le attivit\u00e0 preliminari in questo campo.<\/li>\n\n\n\n<li>1998-2000<br><a href=\"https:\/\/storico.voiceproject.eu\/projects\/tap\/_tap_en.htm\"><strong>Progetto VOICE Misura di Accompagnamento TAP<\/strong><\/a><br>Il Programma di Applicazioni Telematiche (TAP) della Direzione Generale XIII-TIDE (attualmente DG Societ\u00e0 dell&#8217;Informazione) della CE ha finanziato una&nbsp;<em>Misura di Accompagnamento<\/em>, per l&#8217;estensione delle attivit\u00e0 ed un&#8217;azione di sensibilizzazione.<\/li>\n\n\n\n<li>1998-2003<br><a href=\"https:\/\/storico.voiceproject.eu\/educ\/schools\/_schools_en.htm\"><strong>Progetto VOICE per la Didattica<\/strong><\/a><br>Questo Progetto si \u00e8 concentrato su attivit\u00e0 pi\u00f9 specifiche indirizzate alle scuole e le universit\u00e0.<\/li>\n\n\n\n<li>1998<br><a href=\"https:\/\/storico.voiceproject.eu\/projects\/explor\/explor98v\/netdays98v\/_netdays98v_en.htm\"><strong>Proposta Progetto VOICE-Netd@ys<\/strong><\/a><br>La proposta ha considerato aspetti dell&#8217;integrazione di studenti audiolesi nelle classi normali, per la settimana Netd@ys della Direzione Generale XXII (attualmente DG Educazione) della CE.<\/li>\n\n\n\n<li>1999-2000<br><a href=\"https:\/\/storico.voiceproject.eu\/projects\/explor\/explor99a\/_explor99a_en.htm\"><strong>Progetto ACCESS Ricerca Esplorativa CCR-ISIS<\/strong><\/a><br>Il CCR-ISIS ha incoraggiato la ricerca degli aspetti tecnici relativi all&#8217;accesso alla Societ\u00e0 dell&#8217;Informazione da parte delle persone disabili.<\/li>\n\n\n\n<li>1999<br><a href=\"https:\/\/storico.voiceproject.eu\/projects\/explor\/explor99a\/netdays99a\/_netdays99a_en.htm\"><strong>Proposta Progetto ACCESS-Netd@ys<\/strong><\/a><br>La proposta ha considerato aspetti dell&#8217;accesso all&#8217;educazione da parte di studenti disabili per la settimana Netd@ys della Direzione Generale XXII (attualmente DG Educazione) della CE.<\/li>\n\n\n\n<li>2000<br><a href=\"https:\/\/storico.voiceproject.eu\/projects\/explor\/explor99a\/netdays99a\/_netdays99a_en.htm\"><strong>Proposta Progetto NEMO<\/strong><\/a><\/li>\n\n\n\n<li>1999-2001<br><a href=\"https:\/\/storico.voiceproject.eu\/moise\/home.htm\"><strong>Partecipazione al Progetto MOISE (1999-2001)<\/strong><\/a><\/li>\n\n\n\n<li>2001<br><strong><a href=\"https:\/\/storico.voiceproject.eu\/forum\/eurociu_en.htm\">Proposta coordinamento impianti cocleari EURO-CIU<\/a><\/strong><br>Proposta di studio sull&#8217;integrazione del riconoscimento vocale in protesi acustiche ed impianti cocleari (Direzione Generale XII Ricerca Medica della CE).<\/li>\n\n\n\n<li>2001-2002<br><a href=\"https:\/\/storico.voiceproject.eu\/media\/tv\/_tv_en.htm\"><strong>Progetto Sottotitoli Televisivi Ricerca Esplorativa CCR-IPSC<\/strong><\/a><br>L&#8217;Istituto IPSC del CCR, nel riprendere le attivit\u00e0 dell&#8217;Istituto ISIS, ha sostenuto il progetto&nbsp;<em>Sviluppo ed armonizzazione dei sottotitoli nelle trasmissioni televisive europee<\/em>, in collaborazione con la Direzione Generale III (Impresa) della CE e con l&#8217;Organismo di Standardizzazione CENELEC.<\/li>\n\n\n\n<li>2003<br><a href=\"https:\/\/storico.voiceproject.eu\/events\/ev2003\/jrc2003\/_jrc2003_it.htm\"><strong>Progetto Anno Europeo delle Persone con Disabilit\u00e0 2003 CCR-IPSC<\/strong><\/a><br>Le attivit\u00e0 si sono concentrate sull&#8217;armonizzazione della sottotitolazione dei programmi televisivi, la collaborazione con le universit\u00e0 per la sperimentazione della sottotitolazione delle lezioni per gli studenti audiolesi e l&#8217;accessibilit\u00e0 del Sito Web del Progetto.<\/li>\n\n\n\n<li>1996-2012<br><a href=\"https:\/\/storico.voiceproject.eu\/isgd\/home.htm\"><strong>Gruppo InterServizi sulla Disabilit\u00e0<\/strong><\/a><br>La collaborazione fra le Direzioni Generali della CE nel campo della disabilit\u00e0 \u00e8 coordinata dalla Direzione Generale V (Impiego ed Affari Sociali) della CE nel Gruppo ISGD.<\/li>\n\n\n\n<li>2005-2012<br><a href=\"https:\/\/storico.voiceproject.eu\/sesamonet\/home.htm\"><strong>Progetto SESAMONET Ricerca Esplorativa del CCR-IPSC<\/strong><br><\/a>Sviluppo di un sistema integrato per accrescere la mobilit\u00e0 di persone con disabilit\u00e0, in particolare visiva, consentendo di identificare un cammino sicuro per muoversi in aree selezionate, grazie all&#8217;uso di sensori basati sulla tecnologia dei&nbsp;<em>transponder<\/em>.<\/li>\n\n\n\n<li><a href=\"https:\/\/storico.voiceproject.eu\/home\/pamphlet\/_pamphlet_en.htm\">Opuscoli<\/a><\/li>\n\n\n\n<li><a href=\"https:\/\/storico.voiceproject.eu\/home\/isisrep\/_rep_en.htm\">Rapporti Annuali<\/a><\/li>\n\n\n\n<li><a href=\"https:\/\/storico.voiceproject.eu\/events\/ev2003\/jrc2003\/press_draft_en.doc\">Comunicato stampa sul Progetto VOICE e l\u2019Anno 2003<\/a>&nbsp;(testo pi\u00f9 breve)<\/li>\n\n\n\n<li><a href=\"https:\/\/storico.voiceproject.eu\/events\/ev2003\/jrc2003\/press_results_en.doc\">I risultati del Progetto VOICE e l\u2019Anno 2003<\/a>&nbsp;(testo pi\u00f9 lungo)<\/li>\n\n\n\n<li><strong>Home<\/strong><\/li>\n<\/ul>\n","protected":false},"excerpt":{"rendered":"<p>Al momento della nascita del Progetto VOICE i sistemi di riconoscimento vocale Voice To Text (VTT) erano commercializzati principalmente come sistemi per consentire agli utenti&hellip;<\/p>\n","protected":false},"author":1,"featured_media":0,"parent":0,"menu_order":0,"comment_status":"closed","ping_status":"closed","template":"","meta":{"footnotes":""},"class_list":["post-56","page","type-page","status-publish","hentry"],"_links":{"self":[{"href":"https:\/\/voiceproject.eu\/index.php\/wp-json\/wp\/v2\/pages\/56","targetHints":{"allow":["GET"]}}],"collection":[{"href":"https:\/\/voiceproject.eu\/index.php\/wp-json\/wp\/v2\/pages"}],"about":[{"href":"https:\/\/voiceproject.eu\/index.php\/wp-json\/wp\/v2\/types\/page"}],"author":[{"embeddable":true,"href":"https:\/\/voiceproject.eu\/index.php\/wp-json\/wp\/v2\/users\/1"}],"replies":[{"embeddable":true,"href":"https:\/\/voiceproject.eu\/index.php\/wp-json\/wp\/v2\/comments?post=56"}],"version-history":[{"count":7,"href":"https:\/\/voiceproject.eu\/index.php\/wp-json\/wp\/v2\/pages\/56\/revisions"}],"predecessor-version":[{"id":220,"href":"https:\/\/voiceproject.eu\/index.php\/wp-json\/wp\/v2\/pages\/56\/revisions\/220"}],"wp:attachment":[{"href":"https:\/\/voiceproject.eu\/index.php\/wp-json\/wp\/v2\/media?parent=56"}],"curies":[{"name":"wp","href":"https:\/\/api.w.org\/{rel}","templated":true}]}}