{"id":171,"date":"2024-03-06T18:00:08","date_gmt":"2024-03-06T17:00:08","guid":{"rendered":"https:\/\/voiceproject.eu\/?page_id=171"},"modified":"2024-03-12T10:50:30","modified_gmt":"2024-03-12T09:50:30","slug":"171-2","status":"publish","type":"page","link":"https:\/\/voiceproject.eu\/index.php\/171-2\/","title":{"rendered":"El Sitio Web del Proyecto VOICE su VoiceProject.eu"},"content":{"rendered":"<div class=\"wp-block-image\">\n<figure class=\"aligncenter size-full\"><img loading=\"lazy\" decoding=\"async\" width=\"600\" height=\"192\" src=\"https:\/\/voiceproject.eu\/wp-content\/uploads\/2024\/03\/welcome_600.jpg\" alt=\"\" class=\"wp-image-101\" srcset=\"https:\/\/voiceproject.eu\/wp-content\/uploads\/2024\/03\/welcome_600.jpg 600w, https:\/\/voiceproject.eu\/wp-content\/uploads\/2024\/03\/welcome_600-300x96.jpg 300w\" sizes=\"auto, (max-width: 600px) 100vw, 600px\" \/><\/figure>\n<\/div>\n\n\n<p><br>El sitio web del Proyecto VOICE fue desarrollado y gestionado, desde su inicio en 1996 hasta la conferencia de clausura del A\u00f1o Europeo de las Personas con Discapacidad en 2003, por el coordinador del Proyecto, un funcionario del <strong>Centro Com\u00fan de Investigaci\u00f3n de la CE<\/strong>.<br>En su rol, realiz\u00f3 algunas actualizaciones posteriores, mientras que desde 2012 se encarga de actualizaciones ocasionales de forma privada, con el acuerdo de la CE, con el fin de <strong>preservar la memoria hist\u00f3rica<\/strong> de una acci\u00f3n de sensibilizaci\u00f3n particularmente significativa. Por lo tanto, no est\u00e1 prevista una revisi\u00f3n del <strong><mark style=\"background-color:#8ed1fc\" class=\"has-inline-color\">Sitio Hist\u00f3rico<\/mark><\/strong>, sino una actualizaci\u00f3n gradual de los \u00edndices de estas p\u00e1ginas introductorias del <strong><mark style=\"background-color:#8ed1fc\" class=\"has-inline-color\">Sitio <\/mark><\/strong>para valorizar las contribuciones de mayor inter\u00e9s <strong><mark style=\"background-color:#8ed1fc\" class=\"has-inline-color\">actual<\/mark><\/strong>.<\/p>\n\n\n\n<p><mark><strong><mark style=\"background-color:#8ed1fc\" class=\"has-inline-color\">En el Sitio Hist\u00f3rico no existen link al Sitio Actual: es recomendable abrir los link en ventanas nuevas.<\/mark><\/strong><\/mark><\/p>\n\n\n\n<p>Desde 1996, dentro del Centro Com\u00fan de Investigaci\u00f3n de la Comisi\u00f3n Europea (Ispra, Varese), el Proyecto VOICE ha contribuido al estudio, desarrollo y difusi\u00f3n de ayudas que podr\u00edan permitir a las personas con p\u00e9rdida auditiva convertirse en miembros m\u00e1s activos de nuestra sociedad.<br>Despu\u00e9s de dos a\u00f1os, patrocinado y financiado por la <strong>Direcci\u00f3n General de Sociedad de la Informaci\u00f3n de la CE<\/strong>, se desarroll\u00f3 un <strong>sistema de reconocimiento de voz capaz de subtitular, en tiempo real<\/strong>, conferencias, clases escolares y universitarias, conversaciones telef\u00f3nicas, transmisiones y espect\u00e1culos en vivo. <strong>El prototipo demostrativo <\/strong>del Proyecto recibi\u00f3 una atenci\u00f3n especial y, gracias a su <strong>presentaci\u00f3n y uso en m\u00e1s de cien conferencias y seminarios,<\/strong> logr\u00f3 sensibilizar al p\u00fablico sobre las necesidades de las personas con p\u00e9rdida auditiva y sobre la necesidad de aplicar dicho software en todos los sectores posibles.<br>A este primer \u00e9xito le siguieron numerosas colaboraciones con los m\u00e1s variados interlocutores: en 2001-2002, con la <strong>Uni\u00f3n Europea de Televisiones y el organismo de normalizaci\u00f3n CENELEC<\/strong>, se trabaj\u00f3 en la armonizaci\u00f3n de los criterios de producci\u00f3n de<strong> subt\u00edtulos televisivos<\/strong>; con la RAI y otras emisoras de televisi\u00f3n, en la mejora del servicio de subt\u00edtulos del teletexto; con las asociaciones de personas con p\u00e9rdida auditiva, escuelas y universidades, en la experimentaci\u00f3n del sistema.<br>Despu\u00e9s de un \u00e9nfasis particular coincidiendo con el <strong>A\u00f1o Europeo de las Personas con Discapacidad en 2003<\/strong>, en 2004 se emprendieron varias iniciativas para difundir a\u00fan m\u00e1s estas aplicaciones. Posteriormente, se han estudiado varios proyectos con el objetivo de avanzar la investigaci\u00f3n hacia la creaci\u00f3n de herramientas capaces de cerrar cada vez m\u00e1s la brecha social existente entre las personas con discapacidades, en particular los sordos y los ciegos, y el resto de la poblaci\u00f3n, gracias a aplicaciones \u00fatiles para todos los ciudadanos.<\/p>\n","protected":false},"excerpt":{"rendered":"<p>El sitio web del Proyecto VOICE fue desarrollado y gestionado, desde su inicio en 1996 hasta la conferencia de clausura del A\u00f1o Europeo de las&hellip;<\/p>\n","protected":false},"author":1,"featured_media":0,"parent":0,"menu_order":0,"comment_status":"closed","ping_status":"closed","template":"","meta":{"footnotes":""},"class_list":["post-171","page","type-page","status-publish","hentry"],"_links":{"self":[{"href":"https:\/\/voiceproject.eu\/index.php\/wp-json\/wp\/v2\/pages\/171","targetHints":{"allow":["GET"]}}],"collection":[{"href":"https:\/\/voiceproject.eu\/index.php\/wp-json\/wp\/v2\/pages"}],"about":[{"href":"https:\/\/voiceproject.eu\/index.php\/wp-json\/wp\/v2\/types\/page"}],"author":[{"embeddable":true,"href":"https:\/\/voiceproject.eu\/index.php\/wp-json\/wp\/v2\/users\/1"}],"replies":[{"embeddable":true,"href":"https:\/\/voiceproject.eu\/index.php\/wp-json\/wp\/v2\/comments?post=171"}],"version-history":[{"count":3,"href":"https:\/\/voiceproject.eu\/index.php\/wp-json\/wp\/v2\/pages\/171\/revisions"}],"predecessor-version":[{"id":229,"href":"https:\/\/voiceproject.eu\/index.php\/wp-json\/wp\/v2\/pages\/171\/revisions\/229"}],"wp:attachment":[{"href":"https:\/\/voiceproject.eu\/index.php\/wp-json\/wp\/v2\/media?parent=171"}],"curies":[{"name":"wp","href":"https:\/\/api.w.org\/{rel}","templated":true}]}}