{"id":169,"date":"2024-03-06T17:58:09","date_gmt":"2024-03-06T16:58:09","guid":{"rendered":"https:\/\/voiceproject.eu\/?page_id=169"},"modified":"2024-03-12T10:58:27","modified_gmt":"2024-03-12T09:58:27","slug":"169-2","status":"publish","type":"page","link":"https:\/\/voiceproject.eu\/index.php\/169-2\/","title":{"rendered":"Die Website des VOICE-Projekts on VoiceProject.eu"},"content":{"rendered":"<div class=\"wp-block-image\">\n<figure class=\"aligncenter size-full\"><img loading=\"lazy\" decoding=\"async\" width=\"600\" height=\"192\" src=\"https:\/\/voiceproject.eu\/wp-content\/uploads\/2024\/03\/welcome_600.jpg\" alt=\"\" class=\"wp-image-101\" srcset=\"https:\/\/voiceproject.eu\/wp-content\/uploads\/2024\/03\/welcome_600.jpg 600w, https:\/\/voiceproject.eu\/wp-content\/uploads\/2024\/03\/welcome_600-300x96.jpg 300w\" sizes=\"auto, (max-width: 600px) 100vw, 600px\" \/><\/figure>\n<\/div>\n\n\n<p><br>Die Website des VOICE-Projekts wurde seit ihrem Start im Jahr 1996 bis zur Abschlusskonferenz des Europ\u00e4ischen Jahres der Menschen mit Behinderungen 2003 vom Projektkoordinator, einem Beamten des <strong>Gemeinsamen Forschungszentrums der EG<\/strong>, entwickelt und verwaltet. In dieser Rolle hat er einige sp\u00e4tere Updates durchgef\u00fchrt, w\u00e4hrend er seit 2012 gelegentliche Updates privat betreut, mit der Zustimmung der EG, um das historische Ged\u00e4chtnis einer besonders bedeutsamen Sensibilisierungsaktion zu bewahren. Daher ist keine \u00dcberarbeitung der <strong><mark style=\"background-color:#8ed1fc\" class=\"has-inline-color\">historischen <\/mark><\/strong> <strong><mark style=\"background-color:#8ed1fc\" class=\"has-inline-color\">Website <\/mark><\/strong>vorgesehen, sondern ein schrittweises Update der Indizes auf diesen Einf\u00fchrungsseiten der <strong><mark style=\"background-color:#8ed1fc\" class=\"has-inline-color\">Website<\/mark><\/strong>, um die Beitr\u00e4ge von <strong><mark style=\"background-color:#8ed1fc\" class=\"has-inline-color\">aktuellem <\/mark><\/strong>Interesse hervorzuheben.<\/p>\n\n\n\n<p><strong><mark style=\"background-color:#8ed1fc\" class=\"has-inline-color\">In der historischen Site gibt es keine Link zur Aktuellen Site: Es wird empfohlen, die Link in neuen Fenstern zu \u00f6ffnen.<\/mark><\/strong><\/p>\n\n\n\n<p>Seit 1996 hat das VOICE-Projekt innerhalb des Gemeinsamen Forschungszentrums der EG (Ispra, Varese) zur Studie, Entwicklung und Verbreitung von Hilfsmitteln beigetragen, die es H\u00f6rgesch\u00e4digten erm\u00f6glichen k\u00f6nnten, aktivere Mitglieder unserer Gesellschaft zu werden. Zwei Jahre sp\u00e4ter, unter der Schirmherrschaft und Finanzierung der <strong>Generaldirektion Informationsgesellschaft der EG<\/strong>, entstand ein <strong>Spracherkennungssystem<\/strong>, das in der Lage ist, Konferenzen, schulische und universit\u00e4re Vorlesungen, Telefonkonversationen, \u00dcbertragungen und Live-Vorstellungen <strong>in Echtzeit zu untertiteln<\/strong>. Der Demonstrationsprototyp des Projekts erregte besondere Aufmerksamkeit und konnte durch seine <strong>Pr\u00e4sentation und Nutzung in \u00fcber hundert Konferenzen und Seminaren<\/strong> das Publikum f\u00fcr die Bed\u00fcrfnisse der H\u00f6rgesch\u00e4digten sensibilisieren und die Notwendigkeit der Anwendung dieser Software in allen m\u00f6glichen Bereichen aufzeigen.<br>Diesem ersten Erfolg folgten zahlreiche Kooperationen mit den unterschiedlichsten Partnern: In den Jahren 2001-2002 arbeitete man mit der <strong>Europ\u00e4ischen Rundfunkunion und der Normungsorganisation CENELEC <\/strong>an der Harmonisierung der Produktionskriterien f\u00fcr <strong>Fernsehuntertitel<\/strong>; mit der RAI und anderen Fernsehsendern an der Verbesserung des Teletext-Untertiteldienstes; mit Verb\u00e4nden von H\u00f6rgesch\u00e4digten, Schulen und Universit\u00e4ten an der Erprobung des Systems.<br>Nach einem besonderen Schwerpunkt im Zusammenhang mit dem <strong>Europ\u00e4ischen Jahr der Menschen mit Behinderungen 2003, <\/strong>wurden 2004 verschiedene Initiativen unternommen, um diese Anwendungen weiter zu verbreiten. In der Folge wurden verschiedene Projekte untersucht, mit dem Ziel, die Forschung voranzutreiben und Instrumente zu entwickeln, die den sozialen Abstand zwischen Menschen mit Behinderungen, insbesondere Geh\u00f6rlosen und Blinden, und dem Rest der Bev\u00f6lkerung, durch n\u00fctzliche Anwendungen f\u00fcr alle B\u00fcrgerinnen und B\u00fcrger weiter verringern.<\/p>\n","protected":false},"excerpt":{"rendered":"<p>Die Website des VOICE-Projekts wurde seit ihrem Start im Jahr 1996 bis zur Abschlusskonferenz des Europ\u00e4ischen Jahres der Menschen mit Behinderungen 2003 vom Projektkoordinator, einem&hellip;<\/p>\n","protected":false},"author":1,"featured_media":0,"parent":0,"menu_order":0,"comment_status":"closed","ping_status":"closed","template":"","meta":{"footnotes":""},"class_list":["post-169","page","type-page","status-publish","hentry"],"_links":{"self":[{"href":"https:\/\/voiceproject.eu\/index.php\/wp-json\/wp\/v2\/pages\/169","targetHints":{"allow":["GET"]}}],"collection":[{"href":"https:\/\/voiceproject.eu\/index.php\/wp-json\/wp\/v2\/pages"}],"about":[{"href":"https:\/\/voiceproject.eu\/index.php\/wp-json\/wp\/v2\/types\/page"}],"author":[{"embeddable":true,"href":"https:\/\/voiceproject.eu\/index.php\/wp-json\/wp\/v2\/users\/1"}],"replies":[{"embeddable":true,"href":"https:\/\/voiceproject.eu\/index.php\/wp-json\/wp\/v2\/comments?post=169"}],"version-history":[{"count":3,"href":"https:\/\/voiceproject.eu\/index.php\/wp-json\/wp\/v2\/pages\/169\/revisions"}],"predecessor-version":[{"id":232,"href":"https:\/\/voiceproject.eu\/index.php\/wp-json\/wp\/v2\/pages\/169\/revisions\/232"}],"wp:attachment":[{"href":"https:\/\/voiceproject.eu\/index.php\/wp-json\/wp\/v2\/media?parent=169"}],"curies":[{"name":"wp","href":"https:\/\/api.w.org\/{rel}","templated":true}]}}