{"id":167,"date":"2024-03-06T17:53:31","date_gmt":"2024-03-06T16:53:31","guid":{"rendered":"https:\/\/voiceproject.eu\/?page_id=167"},"modified":"2024-03-12T10:43:29","modified_gmt":"2024-03-12T09:43:29","slug":"167-2","status":"publish","type":"page","link":"https:\/\/voiceproject.eu\/index.php\/167-2\/","title":{"rendered":"Le Site Web du Projet VOICE sur VoiceProject.eu"},"content":{"rendered":"<div class=\"wp-block-image\">\n<figure class=\"aligncenter size-full\"><img loading=\"lazy\" decoding=\"async\" width=\"600\" height=\"192\" src=\"https:\/\/voiceproject.eu\/wp-content\/uploads\/2024\/03\/welcome_600.jpg\" alt=\"\" class=\"wp-image-101\" srcset=\"https:\/\/voiceproject.eu\/wp-content\/uploads\/2024\/03\/welcome_600.jpg 600w, https:\/\/voiceproject.eu\/wp-content\/uploads\/2024\/03\/welcome_600-300x96.jpg 300w\" sizes=\"auto, (max-width: 600px) 100vw, 600px\" \/><\/figure>\n<\/div>\n\n\n<p><br>Le site Web du Projet VOICE a \u00e9t\u00e9 d\u00e9velopp\u00e9 et g\u00e9r\u00e9, depuis son lancement en 1996 jusqu&#8217;\u00e0 la conf\u00e9rence finale de l&#8217;Ann\u00e9e Europ\u00e9enne des Personnes Handicap\u00e9es en 2003, par le coordinateur du projet, un fonctionnaire du <strong>Centre Commun de Recherche de la CE<\/strong>. Dans ce r\u00f4le, il a effectu\u00e9 quelques mises \u00e0 jour ult\u00e9rieures, tandis qu&#8217;\u00e0 partir de 2012, il s&#8217;occupe des mises \u00e0 jour occasionnelles \u00e0 titre priv\u00e9, avec l&#8217;accord de la CE, afin de <strong>pr\u00e9server la m\u00e9moire historique<\/strong> d&#8217;une action de sensibilisation particuli\u00e8rement significative. Par cons\u00e9quent, une r\u00e9vision du Site Historique n&#8217;est pas pr\u00e9vue, mais une mise \u00e0 jour progressive des indices des ces pages introductives du <strong><mark style=\"background-color:#8ed1fc\" class=\"has-inline-color\">Site <\/mark><\/strong>pour valoriser les contributions d&#8217;int\u00e9r\u00eat <strong><mark style=\"background-color:#8ed1fc\" class=\"has-inline-color\">actuel<\/mark><\/strong>.<\/p>\n\n\n\n<p><strong><mark style=\"background-color:#8ed1fc\" class=\"has-inline-color\">Dans le Site Historique il n&#8217;y a pas de link vers le Site Actuel: il est recommand\u00e9 d&#8217;ouvrir les link in des nouvelles fen\u00eatres.<\/mark><\/strong><\/p>\n\n\n\n<p>Depuis 1996, au sein du Centre Commun de Recherche de la Commission Europ\u00e9enne (Ispra, Varese), le Projet VOICE a contribu\u00e9 \u00e0 l&#8217;\u00e9tude, au d\u00e9veloppement et \u00e0 la diffusion d&#8217;aides permettant aux personnes malentendantes de devenir des membres plus actifs de notre soci\u00e9t\u00e9.<br>Deux ans plus tard, parrain\u00e9 et financ\u00e9 par la <strong>Direction G\u00e9n\u00e9rale de la Soci\u00e9t\u00e9 de l&#8217;Information de la CE<\/strong>, <strong>un syst\u00e8me de reconnaissance vocale capable de sous-titrer en temps r\u00e9el<\/strong> des conf\u00e9rences, des cours scolaires et universitaires, des conversations t\u00e9l\u00e9phoniques, des \u00e9missions et des spectacles en direct a \u00e9t\u00e9 d\u00e9velopp\u00e9. <strong>Le prototype d\u00e9monstratif<\/strong> du projet a suscit\u00e9 une attention particuli\u00e8re et, gr\u00e2ce \u00e0 <strong>sa pr\u00e9sentation et son utilisation dans plus de cent conf\u00e9rences et s\u00e9minaires<\/strong>, a r\u00e9ussi \u00e0 sensibiliser le public aux besoins des personnes malentendantes et \u00e0 la n\u00e9cessit\u00e9 d&#8217;appliquer ce logiciel dans tous les secteurs possibles.<br>Ce premier succ\u00e8s a \u00e9t\u00e9 suivi de nombreuses collaborations avec les interlocuteurs les plus vari\u00e9s : en 2001-2002, avec <strong>l&#8217;Union Europ\u00e9enne des T\u00e9l\u00e9visions et l&#8217;organisme de normalisation CENELEC, <\/strong>il a \u00e9t\u00e9 travaill\u00e9 \u00e0 l&#8217;harmonisation des crit\u00e8res de production des <strong>sous-titres t\u00e9l\u00e9visuels<\/strong> ; avec la RAI et d&#8217;autres diffuseurs, \u00e0 l&#8217;am\u00e9lioration du service de sous-titres t\u00e9l\u00e9texte ; avec les associations de malentendants, les \u00e9coles et les universit\u00e9s, \u00e0 l&#8217;exp\u00e9rimentation du syst\u00e8me.<br>Apr\u00e8s un accent particulier pendant <strong>l&#8217;Ann\u00e9e Europ\u00e9enne des Personnes Handicap\u00e9es 2003<\/strong>, en 2004, diverses initiatives ont \u00e9t\u00e9 entreprises pour diffuser davantage ces applications. Par la suite, plusieurs projets ont \u00e9t\u00e9 \u00e9tudi\u00e9s dans le but de faire avancer la recherche vers la cr\u00e9ation d&#8217;outils capables de r\u00e9duire de plus en plus l&#8217;\u00e9cart social existant entre les personnes handicap\u00e9es, en particulier les sourds et les malvoyants, et le reste de la population, gr\u00e2ce \u00e0 des applications utiles pour tous les citoyens.<\/p>\n","protected":false},"excerpt":{"rendered":"<p>Le site Web du Projet VOICE a \u00e9t\u00e9 d\u00e9velopp\u00e9 et g\u00e9r\u00e9, depuis son lancement en 1996 jusqu&#8217;\u00e0 la conf\u00e9rence finale de l&#8217;Ann\u00e9e Europ\u00e9enne des Personnes&hellip;<\/p>\n","protected":false},"author":1,"featured_media":0,"parent":0,"menu_order":0,"comment_status":"closed","ping_status":"closed","template":"","meta":{"footnotes":""},"class_list":["post-167","page","type-page","status-publish","hentry"],"_links":{"self":[{"href":"https:\/\/voiceproject.eu\/index.php\/wp-json\/wp\/v2\/pages\/167","targetHints":{"allow":["GET"]}}],"collection":[{"href":"https:\/\/voiceproject.eu\/index.php\/wp-json\/wp\/v2\/pages"}],"about":[{"href":"https:\/\/voiceproject.eu\/index.php\/wp-json\/wp\/v2\/types\/page"}],"author":[{"embeddable":true,"href":"https:\/\/voiceproject.eu\/index.php\/wp-json\/wp\/v2\/users\/1"}],"replies":[{"embeddable":true,"href":"https:\/\/voiceproject.eu\/index.php\/wp-json\/wp\/v2\/comments?post=167"}],"version-history":[{"count":3,"href":"https:\/\/voiceproject.eu\/index.php\/wp-json\/wp\/v2\/pages\/167\/revisions"}],"predecessor-version":[{"id":227,"href":"https:\/\/voiceproject.eu\/index.php\/wp-json\/wp\/v2\/pages\/167\/revisions\/227"}],"wp:attachment":[{"href":"https:\/\/voiceproject.eu\/index.php\/wp-json\/wp\/v2\/media?parent=167"}],"curies":[{"name":"wp","href":"https:\/\/api.w.org\/{rel}","templated":true}]}}